{"id":1018,"date":"2022-10-23T22:52:06","date_gmt":"2022-10-23T22:52:06","guid":{"rendered":"https:\/\/ginkgosphere.ch\/?page_id=1018"},"modified":"2026-02-12T20:17:40","modified_gmt":"2026-02-12T20:17:40","slug":"massages-relaxant","status":"publish","type":"page","link":"https:\/\/ginkgosphere.ch\/index.php\/massages-relaxant\/","title":{"rendered":"Massage relaxant"},"content":{"rendered":"\t\t<div data-elementor-type=\"wp-page\" data-elementor-id=\"1018\" class=\"elementor elementor-1018\">\n\t\t\t\t\t\t<section class=\"elementor-section elementor-top-section elementor-element elementor-element-6c0fe417 elementor-section-boxed elementor-section-height-default elementor-section-height-default\" data-id=\"6c0fe417\" data-element_type=\"section\">\n\t\t\t\t\t\t<div class=\"elementor-container elementor-column-gap-default\">\n\t\t\t\t\t<div class=\"elementor-column elementor-col-100 elementor-top-column elementor-element elementor-element-66c5d9ea\" data-id=\"66c5d9ea\" data-element_type=\"column\">\n\t\t\t<div class=\"elementor-widget-wrap elementor-element-populated\">\n\t\t\t\t\t\t<div class=\"elementor-element elementor-element-1fd5e708 elementor-widget elementor-widget-text-editor\" data-id=\"1fd5e708\" data-element_type=\"widget\" data-widget_type=\"text-editor.default\">\n\t\t\t\t<div class=\"elementor-widget-container\">\n\t\t\t\t\t\t\t\t\t\n<blockquote class=\"wp-block-quote is-layout-flow wp-block-quote-is-layout-flow\"><p><\/p><\/blockquote>\n\n\n\n<p>Pour un massage doux et en profondeur qui a pour but de rel\u00e2cher les tensions musculaire.<\/p>\n\n\n\n<h2 class=\"wp-block-heading\"><strong>Les Bienfaits :<\/strong><\/h2>\n\n\n\n<ul class=\"wp-block-list\"><li>Stimule le sommeil<\/li><li>\u00c9limine le stress<\/li><li>Procure une d\u00e9tente et un bien \u00eatre profond<\/li><li>Apporte une sensation de l\u00e9g\u00e8ret\u00e9<\/li><\/ul>\n\t\t\t\t\t\t\t\t<\/div>\n\t\t\t\t<\/div>\n\t\t\t\t\t<\/div>\n\t\t<\/div>\n\t\t\t\t\t<\/div>\n\t\t<\/section>\n\t\t\t\t<section class=\"elementor-section elementor-top-section elementor-element elementor-element-cf84667 elementor-section-boxed elementor-section-height-default elementor-section-height-default\" data-id=\"cf84667\" data-element_type=\"section\">\n\t\t\t\t\t\t<div class=\"elementor-container elementor-column-gap-default\">\n\t\t\t\t\t<div class=\"elementor-column elementor-col-100 elementor-top-column elementor-element elementor-element-766d304\" data-id=\"766d304\" data-element_type=\"column\">\n\t\t\t<div class=\"elementor-widget-wrap elementor-element-populated\">\n\t\t\t\t\t\t<div class=\"elementor-element elementor-element-fc77047 elementor-widget elementor-widget-button\" data-id=\"fc77047\" data-element_type=\"widget\" data-widget_type=\"button.default\">\n\t\t\t\t<div class=\"elementor-widget-container\">\n\t\t\t\t\t\t\t\t\t<div class=\"elementor-button-wrapper\">\n\t\t\t\t\t<a class=\"elementor-button elementor-button-link elementor-size-sm\" href=\"https:\/\/www.onedoc.ch\/fr\/masseuse-classique\/lausanne\/pcwdt\/luisa-jorand-la-valle\">\n\t\t\t\t\t\t<span class=\"elementor-button-content-wrapper\">\n\t\t\t\t\t\t\t\t\t<span class=\"elementor-button-text\">Prendre rendez-vous online<\/span>\n\t\t\t\t\t<\/span>\n\t\t\t\t\t<\/a>\n\t\t\t\t<\/div>\n\t\t\t\t\t\t\t\t<\/div>\n\t\t\t\t<\/div>\n\t\t\t\t\t<\/div>\n\t\t<\/div>\n\t\t\t\t\t<\/div>\n\t\t<\/section>\n\t\t\t\t<\/div>\n\t\t","protected":false},"excerpt":{"rendered":"<p>Pour un massage doux et en profondeur qui a pour but de rel\u00e2cher les tensions musculaire. Les Bienfaits : Stimule le sommeil \u00c9limine le stress Procure une d\u00e9tente et un &hellip; <\/p>\n","protected":false},"author":1,"featured_media":1192,"parent":0,"menu_order":0,"comment_status":"closed","ping_status":"closed","template":"","meta":{"om_disable_all_campaigns":false,"_uag_custom_page_level_css":"","_monsterinsights_skip_tracking":false,"_monsterinsights_sitenote_active":false,"_monsterinsights_sitenote_note":"","_monsterinsights_sitenote_category":0,"footnotes":""},"class_list":["post-1018","page","type-page","status-publish","has-post-thumbnail","hentry"],"aioseo_notices":[],"uagb_featured_image_src":{"full":["https:\/\/ginkgosphere.ch\/wp-content\/uploads\/2022\/10\/massage-therapy-essential-oils-skincare-1612308.jpg",1280,853,false],"thumbnail":["https:\/\/ginkgosphere.ch\/wp-content\/uploads\/2022\/10\/massage-therapy-essential-oils-skincare-1612308-150x150.jpg",150,150,true],"medium":["https:\/\/ginkgosphere.ch\/wp-content\/uploads\/2022\/10\/massage-therapy-essential-oils-skincare-1612308-300x200.jpg",300,200,true],"medium_large":["https:\/\/ginkgosphere.ch\/wp-content\/uploads\/2022\/10\/massage-therapy-essential-oils-skincare-1612308-768x512.jpg",767,511,true],"large":["https:\/\/ginkgosphere.ch\/wp-content\/uploads\/2022\/10\/massage-therapy-essential-oils-skincare-1612308-1024x682.jpg",767,511,true],"post-slider-thumb-size":["https:\/\/ginkgosphere.ch\/wp-content\/uploads\/2022\/10\/massage-therapy-essential-oils-skincare-1612308-330x190.jpg",330,190,true],"post-category-slider-size":["https:\/\/ginkgosphere.ch\/wp-content\/uploads\/2022\/10\/massage-therapy-essential-oils-skincare-1612308-330x350.jpg",330,350,true],"1536x1536":["https:\/\/ginkgosphere.ch\/wp-content\/uploads\/2022\/10\/massage-therapy-essential-oils-skincare-1612308.jpg",1280,853,false],"2048x2048":["https:\/\/ginkgosphere.ch\/wp-content\/uploads\/2022\/10\/massage-therapy-essential-oils-skincare-1612308.jpg",1280,853,false],"blossom-spa-single":["https:\/\/ginkgosphere.ch\/wp-content\/uploads\/2022\/10\/massage-therapy-essential-oils-skincare-1612308-1280x700.jpg",1280,700,true],"blossom-spa-service":["https:\/\/ginkgosphere.ch\/wp-content\/uploads\/2022\/10\/massage-therapy-essential-oils-skincare-1612308-480x324.jpg",480,324,true],"blossom-spa-team":["https:\/\/ginkgosphere.ch\/wp-content\/uploads\/2022\/10\/massage-therapy-essential-oils-skincare-1612308-270x300.jpg",270,300,true],"blossom-spa-pagination":["https:\/\/ginkgosphere.ch\/wp-content\/uploads\/2022\/10\/massage-therapy-essential-oils-skincare-1612308-370x247.jpg",370,247,true],"blossom-spa-blog-list":["https:\/\/ginkgosphere.ch\/wp-content\/uploads\/2022\/10\/massage-therapy-essential-oils-skincare-1612308-640x480.jpg",640,480,true],"blossom-spa-blog-classic":["https:\/\/ginkgosphere.ch\/wp-content\/uploads\/2022\/10\/massage-therapy-essential-oils-skincare-1612308-776x517.jpg",776,517,true],"blossom-spa-blog-classic-full":["https:\/\/ginkgosphere.ch\/wp-content\/uploads\/2022\/10\/massage-therapy-essential-oils-skincare-1612308-1170x517.jpg",1170,517,true],"blossom-spa-related":["https:\/\/ginkgosphere.ch\/wp-content\/uploads\/2022\/10\/massage-therapy-essential-oils-skincare-1612308-110x83.jpg",110,83,true]},"uagb_author_info":{"display_name":"yuutajorand","author_link":"https:\/\/ginkgosphere.ch\/index.php\/author\/yuutajorand\/"},"uagb_comment_info":0,"uagb_excerpt":"Pour un massage doux et en profondeur qui a pour but de rel\u00e2cher les tensions musculaire. Les Bienfaits : Stimule le sommeil \u00c9limine le stress Procure une d\u00e9tente et un &hellip;","_links":{"self":[{"href":"https:\/\/ginkgosphere.ch\/index.php\/wp-json\/wp\/v2\/pages\/1018","targetHints":{"allow":["GET"]}}],"collection":[{"href":"https:\/\/ginkgosphere.ch\/index.php\/wp-json\/wp\/v2\/pages"}],"about":[{"href":"https:\/\/ginkgosphere.ch\/index.php\/wp-json\/wp\/v2\/types\/page"}],"author":[{"embeddable":true,"href":"https:\/\/ginkgosphere.ch\/index.php\/wp-json\/wp\/v2\/users\/1"}],"replies":[{"embeddable":true,"href":"https:\/\/ginkgosphere.ch\/index.php\/wp-json\/wp\/v2\/comments?post=1018"}],"version-history":[{"count":8,"href":"https:\/\/ginkgosphere.ch\/index.php\/wp-json\/wp\/v2\/pages\/1018\/revisions"}],"predecessor-version":[{"id":1441,"href":"https:\/\/ginkgosphere.ch\/index.php\/wp-json\/wp\/v2\/pages\/1018\/revisions\/1441"}],"wp:featuredmedia":[{"embeddable":true,"href":"https:\/\/ginkgosphere.ch\/index.php\/wp-json\/wp\/v2\/media\/1192"}],"wp:attachment":[{"href":"https:\/\/ginkgosphere.ch\/index.php\/wp-json\/wp\/v2\/media?parent=1018"}],"curies":[{"name":"wp","href":"https:\/\/api.w.org\/{rel}","templated":true}]}}