{"id":1401,"date":"2025-02-22T18:32:55","date_gmt":"2025-02-22T18:32:55","guid":{"rendered":"https:\/\/ginkgosphere.ch\/?page_id=1401"},"modified":"2026-02-12T20:16:24","modified_gmt":"2026-02-12T20:16:24","slug":"reflexologie-plantaire","status":"publish","type":"page","link":"https:\/\/ginkgosphere.ch\/index.php\/reflexologie-plantaire\/","title":{"rendered":"R\u00e9flexologie plantaire"},"content":{"rendered":"\t\t<div data-elementor-type=\"wp-page\" data-elementor-id=\"1401\" class=\"elementor elementor-1401\">\n\t\t\t\t\t\t<section class=\"elementor-section elementor-top-section elementor-element elementor-element-da4ede0 elementor-section-boxed elementor-section-height-default elementor-section-height-default\" data-id=\"da4ede0\" data-element_type=\"section\">\n\t\t\t\t\t\t<div class=\"elementor-container elementor-column-gap-default\">\n\t\t\t\t\t<div class=\"elementor-column elementor-col-100 elementor-top-column elementor-element elementor-element-2eff182\" data-id=\"2eff182\" data-element_type=\"column\">\n\t\t\t<div class=\"elementor-widget-wrap elementor-element-populated\">\n\t\t\t\t\t\t<div class=\"elementor-element elementor-element-a5116ca elementor-widget elementor-widget-text-editor\" data-id=\"a5116ca\" data-element_type=\"widget\" data-widget_type=\"text-editor.default\">\n\t\t\t\t<div class=\"elementor-widget-container\">\n\t\t\t\t\t\t\t\t\t<h1>R\u00e9flexologie plantaire : Retrouver l\u2019\u00e9quilibre par le massage des pieds.<\/h1>\n<p>La <strong>r\u00e9flexologie plantaire<\/strong> est une technique de massage ancestrale qui repose sur la stimulation des zones r\u00e9flexes des pieds, chacune correspondant \u00e0 un organe, une glande ou une partie sp\u00e9cifique du corps. En appliquant des pressions cibl\u00e9es sur ces zones, cette m\u00e9thode vise \u00e0 r\u00e9tablir l\u2019\u00e9quilibre \u00e9nerg\u00e9tique et \u00e0 favoriser l\u2019autor\u00e9gulation naturelle du corps.<\/p>\n<h2>Les bienfaits de la r\u00e9flexologie plantaire :<\/h2>\n<ul>\n<li><strong>D\u00e9tente profonde<\/strong> : Soulage les tensions accumul\u00e9es et r\u00e9duit le stress.<\/li>\n<li><strong>Stimulation de la circulation sanguine et lymphatique<\/strong> : Am\u00e9liore la circulation et favorise l\u2019\u00e9limination des toxines.<\/li>\n<li><strong>Soulagement des douleurs<\/strong> : Apaise certains inconforts li\u00e9s aux troubles digestifs, migraines, douleurs musculaires, etc.<\/li>\n<li><strong>\u00c9quilibre globa<\/strong>l : Aide \u00e0 harmoniser le corps et l\u2019esprit, en favorisant un mieux-\u00eatre g\u00e9n\u00e9ral.<\/li>\n<\/ul>\n<h2>Une s\u00e9ance personnalis\u00e9e selon vos besoins<\/h2>\n<p>Chaque s\u00e9ance est adapt\u00e9e \u00e0 vos besoins sp\u00e9cifiques pour offrir un moment de relaxation et de r\u00e9g\u00e9n\u00e9ration. Qu\u2019il s\u2019agisse de soulager des douleurs cibl\u00e9es ou simplement de profiter d\u2019un moment de bien-\u00eatre, la r\u00e9flexologie plantaire peut vous accompagner dans votre d\u00e9marche de mieux-\u00eatre global.<\/p>\n<p><strong><a href=\"https:\/\/ginkgosphere.ch\/index.php\/contact-2\/\">R\u00e9servez votre s\u00e9ance d\u00e8s maintenan<\/a>t<\/strong> et offrez-vous un moment unique de d\u00e9tente et de reconnexion avec votre corps.<\/p>\n<p><\/p>\t\t\t\t\t\t\t\t<\/div>\n\t\t\t\t<\/div>\n\t\t\t\t\t<\/div>\n\t\t<\/div>\n\t\t\t\t\t<\/div>\n\t\t<\/section>\n\t\t\t\t<section class=\"elementor-section elementor-top-section elementor-element elementor-element-34f7a09 elementor-section-boxed elementor-section-height-default elementor-section-height-default\" data-id=\"34f7a09\" data-element_type=\"section\">\n\t\t\t\t\t\t<div class=\"elementor-container elementor-column-gap-default\">\n\t\t\t\t\t<div class=\"elementor-column elementor-col-100 elementor-top-column elementor-element elementor-element-9cc8414\" data-id=\"9cc8414\" data-element_type=\"column\">\n\t\t\t<div class=\"elementor-widget-wrap elementor-element-populated\">\n\t\t\t\t\t\t<div class=\"elementor-element elementor-element-54c2ed7 elementor-widget elementor-widget-button\" data-id=\"54c2ed7\" data-element_type=\"widget\" data-widget_type=\"button.default\">\n\t\t\t\t<div class=\"elementor-widget-container\">\n\t\t\t\t\t\t\t\t\t<div class=\"elementor-button-wrapper\">\n\t\t\t\t\t<a class=\"elementor-button elementor-button-link elementor-size-sm\" href=\"https:\/\/www.onedoc.ch\/fr\/masseuse-classique\/lausanne\/pcwdt\/luisa-jorand-la-valle\">\n\t\t\t\t\t\t<span class=\"elementor-button-content-wrapper\">\n\t\t\t\t\t\t\t\t\t<span class=\"elementor-button-text\">Prendre rendez-vous online<\/span>\n\t\t\t\t\t<\/span>\n\t\t\t\t\t<\/a>\n\t\t\t\t<\/div>\n\t\t\t\t\t\t\t\t<\/div>\n\t\t\t\t<\/div>\n\t\t\t\t\t<\/div>\n\t\t<\/div>\n\t\t\t\t\t<\/div>\n\t\t<\/section>\n\t\t\t\t<\/div>\n\t\t","protected":false},"excerpt":{"rendered":"<p>R\u00e9flexologie plantaire : Retrouver l\u2019\u00e9quilibre par le massage des pieds. La r\u00e9flexologie plantaire est une technique de massage ancestrale qui repose sur la stimulation des zones r\u00e9flexes des pieds, chacune &hellip; <\/p>\n","protected":false},"author":1,"featured_media":1196,"parent":0,"menu_order":0,"comment_status":"closed","ping_status":"closed","template":"","meta":{"om_disable_all_campaigns":false,"_uag_custom_page_level_css":"","_monsterinsights_skip_tracking":false,"_monsterinsights_sitenote_active":false,"_monsterinsights_sitenote_note":"","_monsterinsights_sitenote_category":0,"footnotes":""},"class_list":["post-1401","page","type-page","status-publish","has-post-thumbnail","hentry"],"aioseo_notices":[],"uagb_featured_image_src":{"full":["https:\/\/ginkgosphere.ch\/wp-content\/uploads\/2022\/10\/wellness-carafe-purple-3701750.jpg",1280,715,false],"thumbnail":["https:\/\/ginkgosphere.ch\/wp-content\/uploads\/2022\/10\/wellness-carafe-purple-3701750-150x150.jpg",150,150,true],"medium":["https:\/\/ginkgosphere.ch\/wp-content\/uploads\/2022\/10\/wellness-carafe-purple-3701750-300x168.jpg",300,168,true],"medium_large":["https:\/\/ginkgosphere.ch\/wp-content\/uploads\/2022\/10\/wellness-carafe-purple-3701750-768x429.jpg",767,428,true],"large":["https:\/\/ginkgosphere.ch\/wp-content\/uploads\/2022\/10\/wellness-carafe-purple-3701750-1024x572.jpg",767,428,true],"post-slider-thumb-size":["https:\/\/ginkgosphere.ch\/wp-content\/uploads\/2022\/10\/wellness-carafe-purple-3701750-330x190.jpg",330,190,true],"post-category-slider-size":["https:\/\/ginkgosphere.ch\/wp-content\/uploads\/2022\/10\/wellness-carafe-purple-3701750-330x350.jpg",330,350,true],"1536x1536":["https:\/\/ginkgosphere.ch\/wp-content\/uploads\/2022\/10\/wellness-carafe-purple-3701750.jpg",1280,715,false],"2048x2048":["https:\/\/ginkgosphere.ch\/wp-content\/uploads\/2022\/10\/wellness-carafe-purple-3701750.jpg",1280,715,false],"blossom-spa-single":["https:\/\/ginkgosphere.ch\/wp-content\/uploads\/2022\/10\/wellness-carafe-purple-3701750-1280x700.jpg",1280,700,true],"blossom-spa-service":["https:\/\/ginkgosphere.ch\/wp-content\/uploads\/2022\/10\/wellness-carafe-purple-3701750-480x324.jpg",480,324,true],"blossom-spa-team":["https:\/\/ginkgosphere.ch\/wp-content\/uploads\/2022\/10\/wellness-carafe-purple-3701750-270x300.jpg",270,300,true],"blossom-spa-pagination":["https:\/\/ginkgosphere.ch\/wp-content\/uploads\/2022\/10\/wellness-carafe-purple-3701750-370x247.jpg",370,247,true],"blossom-spa-blog-list":["https:\/\/ginkgosphere.ch\/wp-content\/uploads\/2022\/10\/wellness-carafe-purple-3701750-640x480.jpg",640,480,true],"blossom-spa-blog-classic":["https:\/\/ginkgosphere.ch\/wp-content\/uploads\/2022\/10\/wellness-carafe-purple-3701750-776x517.jpg",776,517,true],"blossom-spa-blog-classic-full":["https:\/\/ginkgosphere.ch\/wp-content\/uploads\/2022\/10\/wellness-carafe-purple-3701750-1170x517.jpg",1170,517,true],"blossom-spa-related":["https:\/\/ginkgosphere.ch\/wp-content\/uploads\/2022\/10\/wellness-carafe-purple-3701750-110x83.jpg",110,83,true]},"uagb_author_info":{"display_name":"yuutajorand","author_link":"https:\/\/ginkgosphere.ch\/index.php\/author\/yuutajorand\/"},"uagb_comment_info":0,"uagb_excerpt":"R\u00e9flexologie plantaire : Retrouver l\u2019\u00e9quilibre par le massage des pieds. La r\u00e9flexologie plantaire est une technique de massage ancestrale qui repose sur la stimulation des zones r\u00e9flexes des pieds, chacune &hellip;","_links":{"self":[{"href":"https:\/\/ginkgosphere.ch\/index.php\/wp-json\/wp\/v2\/pages\/1401","targetHints":{"allow":["GET"]}}],"collection":[{"href":"https:\/\/ginkgosphere.ch\/index.php\/wp-json\/wp\/v2\/pages"}],"about":[{"href":"https:\/\/ginkgosphere.ch\/index.php\/wp-json\/wp\/v2\/types\/page"}],"author":[{"embeddable":true,"href":"https:\/\/ginkgosphere.ch\/index.php\/wp-json\/wp\/v2\/users\/1"}],"replies":[{"embeddable":true,"href":"https:\/\/ginkgosphere.ch\/index.php\/wp-json\/wp\/v2\/comments?post=1401"}],"version-history":[{"count":10,"href":"https:\/\/ginkgosphere.ch\/index.php\/wp-json\/wp\/v2\/pages\/1401\/revisions"}],"predecessor-version":[{"id":1433,"href":"https:\/\/ginkgosphere.ch\/index.php\/wp-json\/wp\/v2\/pages\/1401\/revisions\/1433"}],"wp:featuredmedia":[{"embeddable":true,"href":"https:\/\/ginkgosphere.ch\/index.php\/wp-json\/wp\/v2\/media\/1196"}],"wp:attachment":[{"href":"https:\/\/ginkgosphere.ch\/index.php\/wp-json\/wp\/v2\/media?parent=1401"}],"curies":[{"name":"wp","href":"https:\/\/api.w.org\/{rel}","templated":true}]}}