{"id":1402,"date":"2025-02-22T18:32:55","date_gmt":"2025-02-22T18:32:55","guid":{"rendered":"https:\/\/ginkgosphere.ch\/?page_id=1402"},"modified":"2026-02-12T20:16:43","modified_gmt":"2026-02-12T20:16:43","slug":"massage-anti-cellulite","status":"publish","type":"page","link":"https:\/\/ginkgosphere.ch\/index.php\/massage-anti-cellulite\/","title":{"rendered":"Massage anti-cellulite"},"content":{"rendered":"\t\t<div data-elementor-type=\"wp-page\" data-elementor-id=\"1402\" class=\"elementor elementor-1402\">\n\t\t\t\t\t\t<section class=\"elementor-section elementor-top-section elementor-element elementor-element-73a48a65 elementor-section-boxed elementor-section-height-default elementor-section-height-default\" data-id=\"73a48a65\" data-element_type=\"section\">\n\t\t\t\t\t\t<div class=\"elementor-container elementor-column-gap-default\">\n\t\t\t\t\t<div class=\"elementor-column elementor-col-100 elementor-top-column elementor-element elementor-element-567e3138\" data-id=\"567e3138\" data-element_type=\"column\">\n\t\t\t<div class=\"elementor-widget-wrap elementor-element-populated\">\n\t\t\t\t\t\t<div class=\"elementor-element elementor-element-34008a5a elementor-widget elementor-widget-text-editor\" data-id=\"34008a5a\" data-element_type=\"widget\" data-widget_type=\"text-editor.default\">\n\t\t\t\t<div class=\"elementor-widget-container\">\n\t\t\t\t\t\t\t\t\t<p><\/p>\n<h1>Massage anti-cellulite : Redessinez votre silhouette naturellement<\/h1>\n<p><\/p>\n<p>Le <strong>massage anti-cellulite<\/strong> est une technique de massage cibl\u00e9e qui vise \u00e0 r\u00e9duire l\u2019apparence de la cellulite et \u00e0 am\u00e9liorer la fermet\u00e9 de la peau. Gr\u00e2ce \u00e0 des man\u0153uvres sp\u00e9cifiques comme le palper-rouler, les p\u00e9trissages et les pressions profondes, ce soin aide \u00e0 casser les amas graisseux et \u00e0 stimuler la circulation lymphatique et sanguine.<\/p>\n<p><\/p>\n<h2>Les bienfaits du massage anti-cellulite :<\/h2>\n<ul>\n<li><strong>R\u00e9duction de la cellulite<\/strong> : Lisse et raffermit la peau pour une apparence plus tonique.<\/li>\n<li><strong>Am\u00e9lioration de la circulation<\/strong> : Favorise une meilleure oxyg\u00e9nation des tissus et aide \u00e0 \u00e9liminer les toxines.<\/li>\n<li><strong>Stimulation du drainage lymphatique<\/strong> : Aide \u00e0 r\u00e9duire la r\u00e9tention d\u2019eau et les gonflements.<\/li>\n<li><strong>Tonification de la peau<\/strong> : Renforce l\u2019\u00e9lasticit\u00e9 de la peau et lui redonne un aspect plus ferme.<\/li>\n<li><strong>Sensation de l\u00e9g\u00e8ret\u00e9<\/strong> : Apaise les jambes lourdes et r\u00e9duit les sensations de gonflement.&nbsp;<\/li>\n<\/ul>\n<h2>Pour qui ?<\/h2>\n<p>Ce massage s\u2019adresse \u00e0 toute personne souhaitant r\u00e9duire l\u2019apparence de la cellulite, am\u00e9liorer la texture de sa peau ou affiner certaines zones du corps (cuisses, hanches, fesses, ventre, bras).<\/p>\n<h2>Un soin personnalis\u00e9 selon vos objectifs<\/h2>\n<p>Chaque s\u00e9ance est adapt\u00e9e \u00e0 vos besoins et \u00e0 vos objectifs esth\u00e9tiques. Que ce soit dans le cadre d\u2019une cure minceur ou pour des s\u00e9ances ponctuelles, nous \u00e9tablissons ensemble un plan de soin adapt\u00e9.<\/p>\n<h2>Envie de retrouver une peau plus lisse et tonique ?<\/h2>\n<p><b><a href=\"https:\/\/ginkgosphere.ch\/index.php\/contact-2\/\">R\u00e9servez votre massage<\/a><\/b> anti-cellulite d\u00e8s aujourd\u2019hui et offrez-vous une nouvelle confiance en votre corps.<\/p>\n<p><\/p>\t\t\t\t\t\t\t\t<\/div>\n\t\t\t\t<\/div>\n\t\t\t\t\t<\/div>\n\t\t<\/div>\n\t\t\t\t\t<\/div>\n\t\t<\/section>\n\t\t\t\t<section class=\"elementor-section elementor-top-section elementor-element elementor-element-7462186 elementor-section-boxed elementor-section-height-default elementor-section-height-default\" data-id=\"7462186\" data-element_type=\"section\">\n\t\t\t\t\t\t<div class=\"elementor-container elementor-column-gap-default\">\n\t\t\t\t\t<div class=\"elementor-column elementor-col-100 elementor-top-column elementor-element elementor-element-3353df4\" data-id=\"3353df4\" data-element_type=\"column\">\n\t\t\t<div class=\"elementor-widget-wrap elementor-element-populated\">\n\t\t\t\t\t\t<div class=\"elementor-element elementor-element-19d374e elementor-widget elementor-widget-button\" data-id=\"19d374e\" data-element_type=\"widget\" data-widget_type=\"button.default\">\n\t\t\t\t<div class=\"elementor-widget-container\">\n\t\t\t\t\t\t\t\t\t<div class=\"elementor-button-wrapper\">\n\t\t\t\t\t<a class=\"elementor-button elementor-button-link elementor-size-sm\" href=\"https:\/\/www.onedoc.ch\/fr\/masseuse-classique\/lausanne\/pcwdt\/luisa-jorand-la-valle\">\n\t\t\t\t\t\t<span class=\"elementor-button-content-wrapper\">\n\t\t\t\t\t\t\t\t\t<span class=\"elementor-button-text\">Prendre rendez-vous online<\/span>\n\t\t\t\t\t<\/span>\n\t\t\t\t\t<\/a>\n\t\t\t\t<\/div>\n\t\t\t\t\t\t\t\t<\/div>\n\t\t\t\t<\/div>\n\t\t\t\t\t<\/div>\n\t\t<\/div>\n\t\t\t\t\t<\/div>\n\t\t<\/section>\n\t\t\t\t<\/div>\n\t\t","protected":false},"excerpt":{"rendered":"<p>Massage anti-cellulite : Redessinez votre silhouette naturellement Le massage anti-cellulite est une technique de massage cibl\u00e9e qui vise \u00e0 r\u00e9duire l\u2019apparence de la cellulite et \u00e0 am\u00e9liorer la fermet\u00e9 de &hellip; <\/p>\n","protected":false},"author":1,"featured_media":1200,"parent":0,"menu_order":0,"comment_status":"closed","ping_status":"closed","template":"","meta":{"om_disable_all_campaigns":false,"_uag_custom_page_level_css":"","_monsterinsights_skip_tracking":false,"_monsterinsights_sitenote_active":false,"_monsterinsights_sitenote_note":"","_monsterinsights_sitenote_category":0,"footnotes":""},"class_list":["post-1402","page","type-page","status-publish","has-post-thumbnail","hentry"],"aioseo_notices":[],"uagb_featured_image_src":{"full":["https:\/\/ginkgosphere.ch\/wp-content\/uploads\/2022\/10\/prairie-river-stream-679014.jpg",1280,829,false],"thumbnail":["https:\/\/ginkgosphere.ch\/wp-content\/uploads\/2022\/10\/prairie-river-stream-679014-150x150.jpg",150,150,true],"medium":["https:\/\/ginkgosphere.ch\/wp-content\/uploads\/2022\/10\/prairie-river-stream-679014-300x194.jpg",300,194,true],"medium_large":["https:\/\/ginkgosphere.ch\/wp-content\/uploads\/2022\/10\/prairie-river-stream-679014-768x497.jpg",767,496,true],"large":["https:\/\/ginkgosphere.ch\/wp-content\/uploads\/2022\/10\/prairie-river-stream-679014-1024x663.jpg",767,497,true],"post-slider-thumb-size":["https:\/\/ginkgosphere.ch\/wp-content\/uploads\/2022\/10\/prairie-river-stream-679014-330x190.jpg",330,190,true],"post-category-slider-size":["https:\/\/ginkgosphere.ch\/wp-content\/uploads\/2022\/10\/prairie-river-stream-679014-330x350.jpg",330,350,true],"1536x1536":["https:\/\/ginkgosphere.ch\/wp-content\/uploads\/2022\/10\/prairie-river-stream-679014.jpg",1280,829,false],"2048x2048":["https:\/\/ginkgosphere.ch\/wp-content\/uploads\/2022\/10\/prairie-river-stream-679014.jpg",1280,829,false],"blossom-spa-single":["https:\/\/ginkgosphere.ch\/wp-content\/uploads\/2022\/10\/prairie-river-stream-679014-1280x700.jpg",1280,700,true],"blossom-spa-service":["https:\/\/ginkgosphere.ch\/wp-content\/uploads\/2022\/10\/prairie-river-stream-679014-480x324.jpg",480,324,true],"blossom-spa-team":["https:\/\/ginkgosphere.ch\/wp-content\/uploads\/2022\/10\/prairie-river-stream-679014-270x300.jpg",270,300,true],"blossom-spa-pagination":["https:\/\/ginkgosphere.ch\/wp-content\/uploads\/2022\/10\/prairie-river-stream-679014-370x247.jpg",370,247,true],"blossom-spa-blog-list":["https:\/\/ginkgosphere.ch\/wp-content\/uploads\/2022\/10\/prairie-river-stream-679014-640x480.jpg",640,480,true],"blossom-spa-blog-classic":["https:\/\/ginkgosphere.ch\/wp-content\/uploads\/2022\/10\/prairie-river-stream-679014-776x517.jpg",776,517,true],"blossom-spa-blog-classic-full":["https:\/\/ginkgosphere.ch\/wp-content\/uploads\/2022\/10\/prairie-river-stream-679014-1170x517.jpg",1170,517,true],"blossom-spa-related":["https:\/\/ginkgosphere.ch\/wp-content\/uploads\/2022\/10\/prairie-river-stream-679014-110x83.jpg",110,83,true]},"uagb_author_info":{"display_name":"yuutajorand","author_link":"https:\/\/ginkgosphere.ch\/index.php\/author\/yuutajorand\/"},"uagb_comment_info":0,"uagb_excerpt":"Massage anti-cellulite : Redessinez votre silhouette naturellement Le massage anti-cellulite est une technique de massage cibl\u00e9e qui vise \u00e0 r\u00e9duire l\u2019apparence de la cellulite et \u00e0 am\u00e9liorer la fermet\u00e9 de &hellip;","_links":{"self":[{"href":"https:\/\/ginkgosphere.ch\/index.php\/wp-json\/wp\/v2\/pages\/1402","targetHints":{"allow":["GET"]}}],"collection":[{"href":"https:\/\/ginkgosphere.ch\/index.php\/wp-json\/wp\/v2\/pages"}],"about":[{"href":"https:\/\/ginkgosphere.ch\/index.php\/wp-json\/wp\/v2\/types\/page"}],"author":[{"embeddable":true,"href":"https:\/\/ginkgosphere.ch\/index.php\/wp-json\/wp\/v2\/users\/1"}],"replies":[{"embeddable":true,"href":"https:\/\/ginkgosphere.ch\/index.php\/wp-json\/wp\/v2\/comments?post=1402"}],"version-history":[{"count":11,"href":"https:\/\/ginkgosphere.ch\/index.php\/wp-json\/wp\/v2\/pages\/1402\/revisions"}],"predecessor-version":[{"id":1438,"href":"https:\/\/ginkgosphere.ch\/index.php\/wp-json\/wp\/v2\/pages\/1402\/revisions\/1438"}],"wp:featuredmedia":[{"embeddable":true,"href":"https:\/\/ginkgosphere.ch\/index.php\/wp-json\/wp\/v2\/media\/1200"}],"wp:attachment":[{"href":"https:\/\/ginkgosphere.ch\/index.php\/wp-json\/wp\/v2\/media?parent=1402"}],"curies":[{"name":"wp","href":"https:\/\/api.w.org\/{rel}","templated":true}]}}