{"id":889,"date":"2022-10-23T17:48:39","date_gmt":"2022-10-23T17:48:39","guid":{"rendered":"https:\/\/ginkgosphere.ch\/?page_id=889"},"modified":"2025-02-22T18:17:17","modified_gmt":"2025-02-22T18:17:17","slug":"qui-suis-je-2","status":"publish","type":"page","link":"https:\/\/ginkgosphere.ch\/index.php\/qui-suis-je-2\/","title":{"rendered":"Qui suis-je ?"},"content":{"rendered":"\n<p>Massoth\u00e9rapeute Certifi\u00e9e pour votre Bien-\u00eatre !<\/p>\n\n\n\n<p>Je m\u2019appelle Luisa, une massoth\u00e9rapeute certifi\u00e9e anim\u00e9e par une profonde passion pour le bien-\u00eatre physique et mental. Mon p\u00e9riple dans le monde de la massoth\u00e9rapie a d\u00e9but\u00e9 il y a huit ans, lorsque j&#8217;ai d\u00e9couvert les incroyables bienfaits du toucher en mati\u00e8re de gu\u00e9rison.<\/p>\n\n\n\n<p>Au cours de ces ann\u00e9es, j&#8217;ai enrichi mon expertise en explorant diverses techniques de massage. Chaque s\u00e9ance que je prodigue est m\u00e9ticuleusement adapt\u00e9e \u00e0 chaque personne, mettant ainsi l&#8217;accent sur la relaxation profonde, l&#8217;apaisement des douleurs musculaires et la restauration de l&#8217;\u00e9quilibre tant physique qu&#8217;\u00e9motionnel.<\/p>\n\n\n\n<p>Je consid\u00e8re comme un honneur de partager ma passion pour la massoth\u00e9rapie avec vous. Mon objectif ultime est de vous accompagner dans votre voyage vers une meilleure sant\u00e9 et un bien-\u00eatre optimal.<\/p>\n\n\n\n<p>N&#8217;h\u00e9sitez pas \u00e0 me contacter pour d\u00e9couvrir comment je peux contribuer \u00e0 votre bien-\u00eatre!<\/p>\n\n\n\n<div class=\"wp-block-buttons is-content-justification-center is-layout-flex wp-container-core-buttons-is-layout-1 wp-block-buttons-is-layout-flex\"><\/div>\n","protected":false},"excerpt":{"rendered":"<p>Massoth\u00e9rapeute Certifi\u00e9e pour votre Bien-\u00eatre ! Je m\u2019appelle Luisa, une massoth\u00e9rapeute certifi\u00e9e anim\u00e9e par une profonde passion pour le bien-\u00eatre physique et mental. Mon p\u00e9riple dans le monde de la &hellip; <\/p>\n","protected":false},"author":1,"featured_media":1134,"parent":0,"menu_order":0,"comment_status":"closed","ping_status":"closed","template":"","meta":{"om_disable_all_campaigns":false,"_uag_custom_page_level_css":"","_monsterinsights_skip_tracking":false,"_monsterinsights_sitenote_active":false,"_monsterinsights_sitenote_note":"","_monsterinsights_sitenote_category":0,"footnotes":""},"class_list":["post-889","page","type-page","status-publish","has-post-thumbnail","hentry"],"aioseo_notices":[],"uagb_featured_image_src":{"full":["https:\/\/ginkgosphere.ch\/wp-content\/uploads\/2022\/10\/wheat-field-sunset-2391348.jpg",1280,853,false],"thumbnail":["https:\/\/ginkgosphere.ch\/wp-content\/uploads\/2022\/10\/wheat-field-sunset-2391348-150x150.jpg",150,150,true],"medium":["https:\/\/ginkgosphere.ch\/wp-content\/uploads\/2022\/10\/wheat-field-sunset-2391348-300x200.jpg",300,200,true],"medium_large":["https:\/\/ginkgosphere.ch\/wp-content\/uploads\/2022\/10\/wheat-field-sunset-2391348-768x512.jpg",767,511,true],"large":["https:\/\/ginkgosphere.ch\/wp-content\/uploads\/2022\/10\/wheat-field-sunset-2391348-1024x682.jpg",767,511,true],"post-slider-thumb-size":["https:\/\/ginkgosphere.ch\/wp-content\/uploads\/2022\/10\/wheat-field-sunset-2391348-330x190.jpg",330,190,true],"post-category-slider-size":["https:\/\/ginkgosphere.ch\/wp-content\/uploads\/2022\/10\/wheat-field-sunset-2391348-330x350.jpg",330,350,true],"1536x1536":["https:\/\/ginkgosphere.ch\/wp-content\/uploads\/2022\/10\/wheat-field-sunset-2391348.jpg",1280,853,false],"2048x2048":["https:\/\/ginkgosphere.ch\/wp-content\/uploads\/2022\/10\/wheat-field-sunset-2391348.jpg",1280,853,false],"blossom-spa-single":["https:\/\/ginkgosphere.ch\/wp-content\/uploads\/2022\/10\/wheat-field-sunset-2391348-1280x700.jpg",1280,700,true],"blossom-spa-service":["https:\/\/ginkgosphere.ch\/wp-content\/uploads\/2022\/10\/wheat-field-sunset-2391348-480x324.jpg",480,324,true],"blossom-spa-team":["https:\/\/ginkgosphere.ch\/wp-content\/uploads\/2022\/10\/wheat-field-sunset-2391348-270x300.jpg",270,300,true],"blossom-spa-pagination":["https:\/\/ginkgosphere.ch\/wp-content\/uploads\/2022\/10\/wheat-field-sunset-2391348-370x247.jpg",370,247,true],"blossom-spa-blog-list":["https:\/\/ginkgosphere.ch\/wp-content\/uploads\/2022\/10\/wheat-field-sunset-2391348-640x480.jpg",640,480,true],"blossom-spa-blog-classic":["https:\/\/ginkgosphere.ch\/wp-content\/uploads\/2022\/10\/wheat-field-sunset-2391348-776x517.jpg",776,517,true],"blossom-spa-blog-classic-full":["https:\/\/ginkgosphere.ch\/wp-content\/uploads\/2022\/10\/wheat-field-sunset-2391348-1170x517.jpg",1170,517,true],"blossom-spa-related":["https:\/\/ginkgosphere.ch\/wp-content\/uploads\/2022\/10\/wheat-field-sunset-2391348-110x83.jpg",110,83,true]},"uagb_author_info":{"display_name":"yuutajorand","author_link":"https:\/\/ginkgosphere.ch\/index.php\/author\/yuutajorand\/"},"uagb_comment_info":0,"uagb_excerpt":"Massoth\u00e9rapeute Certifi\u00e9e pour votre Bien-\u00eatre ! Je m\u2019appelle Luisa, une massoth\u00e9rapeute certifi\u00e9e anim\u00e9e par une profonde passion pour le bien-\u00eatre physique et mental. Mon p\u00e9riple dans le monde de la &hellip;","_links":{"self":[{"href":"https:\/\/ginkgosphere.ch\/index.php\/wp-json\/wp\/v2\/pages\/889","targetHints":{"allow":["GET"]}}],"collection":[{"href":"https:\/\/ginkgosphere.ch\/index.php\/wp-json\/wp\/v2\/pages"}],"about":[{"href":"https:\/\/ginkgosphere.ch\/index.php\/wp-json\/wp\/v2\/types\/page"}],"author":[{"embeddable":true,"href":"https:\/\/ginkgosphere.ch\/index.php\/wp-json\/wp\/v2\/users\/1"}],"replies":[{"embeddable":true,"href":"https:\/\/ginkgosphere.ch\/index.php\/wp-json\/wp\/v2\/comments?post=889"}],"version-history":[{"count":24,"href":"https:\/\/ginkgosphere.ch\/index.php\/wp-json\/wp\/v2\/pages\/889\/revisions"}],"predecessor-version":[{"id":1387,"href":"https:\/\/ginkgosphere.ch\/index.php\/wp-json\/wp\/v2\/pages\/889\/revisions\/1387"}],"wp:featuredmedia":[{"embeddable":true,"href":"https:\/\/ginkgosphere.ch\/index.php\/wp-json\/wp\/v2\/media\/1134"}],"wp:attachment":[{"href":"https:\/\/ginkgosphere.ch\/index.php\/wp-json\/wp\/v2\/media?parent=889"}],"curies":[{"name":"wp","href":"https:\/\/api.w.org\/{rel}","templated":true}]}}