{"id":909,"date":"2022-10-23T19:36:30","date_gmt":"2022-10-23T19:36:30","guid":{"rendered":"https:\/\/ginkgosphere.ch\/?page_id=909"},"modified":"2026-02-12T20:22:26","modified_gmt":"2026-02-12T20:22:26","slug":"services-2","status":"publish","type":"page","link":"https:\/\/ginkgosphere.ch\/index.php\/services-2\/","title":{"rendered":"Massages"},"content":{"rendered":"\t\t<div data-elementor-type=\"wp-page\" data-elementor-id=\"909\" class=\"elementor elementor-909\">\n\t\t\t\t\t\t<section class=\"elementor-section elementor-top-section elementor-element elementor-element-43677591 elementor-section-boxed elementor-section-height-default elementor-section-height-default\" data-id=\"43677591\" data-element_type=\"section\">\n\t\t\t\t\t\t<div class=\"elementor-container elementor-column-gap-default\">\n\t\t\t\t\t<div class=\"elementor-column elementor-col-100 elementor-top-column elementor-element elementor-element-12bdae24\" data-id=\"12bdae24\" data-element_type=\"column\">\n\t\t\t<div class=\"elementor-widget-wrap elementor-element-populated\">\n\t\t\t\t\t\t<div class=\"elementor-element elementor-element-3fce1455 elementor-widget elementor-widget-text-editor\" data-id=\"3fce1455\" data-element_type=\"widget\" data-widget_type=\"text-editor.default\">\n\t\t\t\t<div class=\"elementor-widget-container\">\n\t\t\t\t\t\t\t\t\t\n<figure class=\"wp-block-pullquote\">\n<blockquote>\n<p><strong>Drainage lymphatique :<\/strong><\/p>\n<\/blockquote>\n<\/figure>\n\n<p>C&#8217;est un massage classique aussi appel\u00e9 m\u00e9dical ou th\u00e9rapeutique qui est un ensemble de technique de manipulation manuel (p\u00e9trissage, lissage, vibrations, etc&#8230;). Ce qui permet \u00e0 une lactation des muscles et du tissus profond.<\/p>\n\n<h2 class=\"wp-block-heading\">Les Bienfaits :<\/h2>\n\n<ul class=\"wp-block-list\">\n<li>Am\u00e9liore la circulation<\/li>\n<li>Nettoie et r\u00e9g\u00e9n\u00e8re l\u2019organisme<\/li>\n<li>Aide contre la r\u00e9tention d\u2019eau<\/li>\n<li>Am\u00e9liore la cicatrisation et \u00e9vite les cicatrices ch\u00e9lo\u00efdes<\/li>\n<li>Aide \u00e0 harmoniser le syst\u00e8me nerveux en diminuant le stress<\/li>\n<\/ul>\n\n<p>\u00a0<\/p>\n\n<p>\u00a0<\/p>\n\n<p>\u00a0<\/p>\n\n<figure class=\"wp-block-pullquote\">\n<blockquote>\n<p><strong><em>Massage th\u00e9rapeutique :<\/em><\/strong><\/p>\n<\/blockquote>\n<\/figure>\n\n<p>C\u2019est un massage doux qui stimule le syst\u00e8me lymphatique pour \u00e9liminer les toxines, r\u00e9duire l\u2019enflure, renforcer l\u2019immunit\u00e9 et favoriser la d\u00e9tente. Il est utilis\u00e9 pour traiter divers probl\u00e8mes de sant\u00e9 et am\u00e9liorer le bien-\u00eatre g\u00e9n\u00e9ral.<\/p>\n\n<h2 class=\"wp-block-heading\"><strong>Les Bienfaits<\/strong> :<\/h2>\n\n<ul class=\"wp-block-list\">\n<li>Stimule la circulations sanguine<\/li>\n<li>Stimule l&#8217;\u00e9limination des toxines<\/li>\n<li>Am\u00e9liore les fonctions digestives<\/li>\n<\/ul>\n\n<p>\u00a0<\/p>\n\n<p>\u00a0<\/p>\n\n<p>\u00a0<\/p>\n\n<figure class=\"wp-block-pullquote\">\n<blockquote>\n<p><strong><em>Massage relaxant<\/em><\/strong> :<\/p>\n<\/blockquote>\n<\/figure>\n\n<p>Pour un massage doux et en profondeur qui a pour but de rel\u00e2cher les tensions musculaire.<\/p>\n\n<h2 class=\"wp-block-heading\"><strong>Les Bienfaits :<\/strong><\/h2>\n\n<ul class=\"wp-block-list\">\n<li>Stimule le sommeil<\/li>\n<li>\u00c9limine le stress<\/li>\n<li>Procure une d\u00e9tente et un bien \u00eatre profond<\/li>\n<li>Apporte une sensation de l\u00e9g\u00e8ret\u00e9<\/li>\n<\/ul>\n\n<p>\u00a0<\/p>\n\n<p>\u00a0<\/p>\n\n<p>\u00a0<\/p>\n\n<figure class=\"wp-block-pullquote\">\n<blockquote>\n<p><strong><em>Reboutement :<\/em><\/strong><\/p>\n<\/blockquote>\n<\/figure>\n\n<p>Technique ancestral, le reboutement ou massage neuromusculaire consiste \u00e0 d\u00e9nouer les n\u0153uds et att\u00e9nuer les tensions d&#8217;ordres nerveuses ou musculaire.<\/p>\n\n<h2 class=\"wp-block-heading\"><strong>Les Bienfaits :<\/strong><\/h2>\n\n<ul class=\"wp-block-list\">\n<li>Lib\u00e8re les tensions du corps<\/li>\n<li>Stimule les muscles, la peau et le syst\u00e8me circulatoire<\/li>\n<li>Procure un effet sur le syst\u00e8me nerveux<\/li>\n<li>\u00c9limine les tensions musculaire involontaire<\/li>\n<\/ul>\n\t\t\t\t\t\t\t\t<\/div>\n\t\t\t\t<\/div>\n\t\t\t\t\t<\/div>\n\t\t<\/div>\n\t\t\t\t\t<\/div>\n\t\t<\/section>\n\t\t\t\t<section class=\"elementor-section elementor-top-section elementor-element elementor-element-486bf91 elementor-section-boxed elementor-section-height-default elementor-section-height-default\" data-id=\"486bf91\" data-element_type=\"section\">\n\t\t\t\t\t\t<div class=\"elementor-container elementor-column-gap-default\">\n\t\t\t\t\t<div class=\"elementor-column elementor-col-100 elementor-top-column elementor-element elementor-element-b5d0174\" data-id=\"b5d0174\" data-element_type=\"column\">\n\t\t\t<div class=\"elementor-widget-wrap elementor-element-populated\">\n\t\t\t\t\t\t<div class=\"elementor-element elementor-element-591dc47 elementor-widget elementor-widget-button\" data-id=\"591dc47\" data-element_type=\"widget\" data-widget_type=\"button.default\">\n\t\t\t\t<div class=\"elementor-widget-container\">\n\t\t\t\t\t\t\t\t\t<div class=\"elementor-button-wrapper\">\n\t\t\t\t\t<a class=\"elementor-button elementor-button-link elementor-size-sm\" href=\"https:\/\/www.onedoc.ch\/fr\/masseuse-classique\/lausanne\/pcwdt\/luisa-jorand-la-valle\">\n\t\t\t\t\t\t<span class=\"elementor-button-content-wrapper\">\n\t\t\t\t\t\t\t\t\t<span class=\"elementor-button-text\">Prendre rendez-vous online<\/span>\n\t\t\t\t\t<\/span>\n\t\t\t\t\t<\/a>\n\t\t\t\t<\/div>\n\t\t\t\t\t\t\t\t<\/div>\n\t\t\t\t<\/div>\n\t\t\t\t\t<\/div>\n\t\t<\/div>\n\t\t\t\t\t<\/div>\n\t\t<\/section>\n\t\t\t\t<\/div>\n\t\t","protected":false},"excerpt":{"rendered":"<p>Drainage lymphatique : C&#8217;est un massage classique aussi appel\u00e9 m\u00e9dical ou th\u00e9rapeutique qui est un ensemble de technique de manipulation manuel (p\u00e9trissage, lissage, vibrations, etc&#8230;). Ce qui permet \u00e0 une &hellip; <\/p>\n","protected":false},"author":1,"featured_media":1151,"parent":0,"menu_order":0,"comment_status":"closed","ping_status":"closed","template":"","meta":{"om_disable_all_campaigns":false,"_uag_custom_page_level_css":"","_monsterinsights_skip_tracking":false,"_monsterinsights_sitenote_active":false,"_monsterinsights_sitenote_note":"","_monsterinsights_sitenote_category":0,"footnotes":""},"class_list":["post-909","page","type-page","status-publish","has-post-thumbnail","hentry"],"aioseo_notices":[],"uagb_featured_image_src":{"full":["https:\/\/ginkgosphere.ch\/wp-content\/uploads\/2022\/10\/AdobeStock_246628137-scaled.jpeg",2560,1049,false],"thumbnail":["https:\/\/ginkgosphere.ch\/wp-content\/uploads\/2022\/10\/AdobeStock_246628137-150x150.jpeg",150,150,true],"medium":["https:\/\/ginkgosphere.ch\/wp-content\/uploads\/2022\/10\/AdobeStock_246628137-300x123.jpeg",300,123,true],"medium_large":["https:\/\/ginkgosphere.ch\/wp-content\/uploads\/2022\/10\/AdobeStock_246628137-768x315.jpeg",767,315,true],"large":["https:\/\/ginkgosphere.ch\/wp-content\/uploads\/2022\/10\/AdobeStock_246628137-1024x420.jpeg",767,315,true],"post-slider-thumb-size":["https:\/\/ginkgosphere.ch\/wp-content\/uploads\/2022\/10\/AdobeStock_246628137-330x190.jpeg",330,190,true],"post-category-slider-size":["https:\/\/ginkgosphere.ch\/wp-content\/uploads\/2022\/10\/AdobeStock_246628137-330x350.jpeg",330,350,true],"1536x1536":["https:\/\/ginkgosphere.ch\/wp-content\/uploads\/2022\/10\/AdobeStock_246628137-1536x630.jpeg",1536,630,true],"2048x2048":["https:\/\/ginkgosphere.ch\/wp-content\/uploads\/2022\/10\/AdobeStock_246628137-2048x839.jpeg",2048,839,true],"blossom-spa-single":["https:\/\/ginkgosphere.ch\/wp-content\/uploads\/2022\/10\/AdobeStock_246628137-1920x700.jpeg",1920,700,true],"blossom-spa-service":["https:\/\/ginkgosphere.ch\/wp-content\/uploads\/2022\/10\/AdobeStock_246628137-480x324.jpeg",480,324,true],"blossom-spa-team":["https:\/\/ginkgosphere.ch\/wp-content\/uploads\/2022\/10\/AdobeStock_246628137-270x300.jpeg",270,300,true],"blossom-spa-pagination":["https:\/\/ginkgosphere.ch\/wp-content\/uploads\/2022\/10\/AdobeStock_246628137-370x247.jpeg",370,247,true],"blossom-spa-blog-list":["https:\/\/ginkgosphere.ch\/wp-content\/uploads\/2022\/10\/AdobeStock_246628137-scaled.jpeg",640,262,false],"blossom-spa-blog-classic":["https:\/\/ginkgosphere.ch\/wp-content\/uploads\/2022\/10\/AdobeStock_246628137-scaled.jpeg",776,318,false],"blossom-spa-blog-classic-full":["https:\/\/ginkgosphere.ch\/wp-content\/uploads\/2022\/10\/AdobeStock_246628137-scaled.jpeg",1170,479,false],"blossom-spa-related":["https:\/\/ginkgosphere.ch\/wp-content\/uploads\/2022\/10\/AdobeStock_246628137-scaled.jpeg",110,45,false]},"uagb_author_info":{"display_name":"yuutajorand","author_link":"https:\/\/ginkgosphere.ch\/index.php\/author\/yuutajorand\/"},"uagb_comment_info":0,"uagb_excerpt":"Drainage lymphatique : C&#8217;est un massage classique aussi appel\u00e9 m\u00e9dical ou th\u00e9rapeutique qui est un ensemble de technique de manipulation manuel (p\u00e9trissage, lissage, vibrations, etc&#8230;). Ce qui permet \u00e0 une &hellip;","_links":{"self":[{"href":"https:\/\/ginkgosphere.ch\/index.php\/wp-json\/wp\/v2\/pages\/909","targetHints":{"allow":["GET"]}}],"collection":[{"href":"https:\/\/ginkgosphere.ch\/index.php\/wp-json\/wp\/v2\/pages"}],"about":[{"href":"https:\/\/ginkgosphere.ch\/index.php\/wp-json\/wp\/v2\/types\/page"}],"author":[{"embeddable":true,"href":"https:\/\/ginkgosphere.ch\/index.php\/wp-json\/wp\/v2\/users\/1"}],"replies":[{"embeddable":true,"href":"https:\/\/ginkgosphere.ch\/index.php\/wp-json\/wp\/v2\/comments?post=909"}],"version-history":[{"count":32,"href":"https:\/\/ginkgosphere.ch\/index.php\/wp-json\/wp\/v2\/pages\/909\/revisions"}],"predecessor-version":[{"id":1456,"href":"https:\/\/ginkgosphere.ch\/index.php\/wp-json\/wp\/v2\/pages\/909\/revisions\/1456"}],"wp:featuredmedia":[{"embeddable":true,"href":"https:\/\/ginkgosphere.ch\/index.php\/wp-json\/wp\/v2\/media\/1151"}],"wp:attachment":[{"href":"https:\/\/ginkgosphere.ch\/index.php\/wp-json\/wp\/v2\/media?parent=909"}],"curies":[{"name":"wp","href":"https:\/\/api.w.org\/{rel}","templated":true}]}}