{"id":918,"date":"2022-10-23T20:02:42","date_gmt":"2022-10-23T20:02:42","guid":{"rendered":"https:\/\/ginkgosphere.ch\/?page_id=918"},"modified":"2026-02-12T20:19:21","modified_gmt":"2026-02-12T20:19:21","slug":"massages-pour-entreprises","status":"publish","type":"page","link":"https:\/\/ginkgosphere.ch\/index.php\/massages-pour-entreprises\/","title":{"rendered":"Massage assis pour entreprises"},"content":{"rendered":"\t\t<div data-elementor-type=\"wp-page\" data-elementor-id=\"918\" class=\"elementor elementor-918\">\n\t\t\t\t\t\t<section class=\"elementor-section elementor-top-section elementor-element elementor-element-10823419 elementor-section-boxed elementor-section-height-default elementor-section-height-default\" data-id=\"10823419\" data-element_type=\"section\">\n\t\t\t\t\t\t<div class=\"elementor-container elementor-column-gap-default\">\n\t\t\t\t\t<div class=\"elementor-column elementor-col-100 elementor-top-column elementor-element elementor-element-266a92dc\" data-id=\"266a92dc\" data-element_type=\"column\">\n\t\t\t<div class=\"elementor-widget-wrap elementor-element-populated\">\n\t\t\t\t\t\t<div class=\"elementor-element elementor-element-449bb58c elementor-widget elementor-widget-text-editor\" data-id=\"449bb58c\" data-element_type=\"widget\" data-widget_type=\"text-editor.default\">\n\t\t\t\t<div class=\"elementor-widget-container\">\n\t\t\t\t\t\t\t\t\t\n<figure class=\"wp-block-pullquote\"><blockquote><p>&#8221;15 minutes de Bien-\u00eatre le temps d&#8217;une pause caf\u00e9&#8221;<\/p><\/blockquote><\/figure>\n\n\n\n<h2 class=\"wp-block-heading\">Massage assis<\/h2>\n\n\n\n<p>Le massage assis est une approche globale utilis\u00e9e \u00e0 la fois comme m\u00e9thode de pr\u00e9vention, du traitement du stress et de la relaxation. Il a un effet apaisant et \u00e9nergisant.<\/p>\n\n\n\n<h2 class=\"wp-block-heading\">B\u00e9n\u00e9fices pour l&#8217;entreprise :<\/h2>\n\n\n\n<div class=\"wp-block-columns is-layout-flex wp-container-core-columns-is-layout-2 wp-block-columns-is-layout-flex\">\n<div class=\"wp-block-column is-layout-flow wp-block-column-is-layout-flow\" style=\"flex-basis:100%\">\n<ul class=\"wp-block-list\"><li>R\u00e9duction d\u2019absent\u00e9isme<\/li><li>Am\u00e9liore la productivit\u00e9 au sein de l&#8217;entreprise<\/li><li>Am\u00e9liore la communication interne au groupe et donc la performance collective<\/li><li>S\u2019int\u00e9resser \u00e0 l&#8217;\u00e9tat de sant\u00e9 physique + mental de son\/ses collaborateurs<\/li><\/ul>\n<\/div>\n<\/div>\n\n\n\n<h2 class=\"wp-block-heading\">B\u00e9n\u00e9fice pour les collaborateurs :<\/h2>\n\n\n\n<ul class=\"wp-block-list\"><li>Pr\u00e9vention de la sant\u00e9<\/li><li>Diminution des tentions, la fatigue et le stress<\/li><li>Am\u00e9liore la qualit\u00e9 de travail<\/li><li>Am\u00e9liore la posture, pr\u00e9viens du syndrome de l&#8217;office <\/li><li>Offre un bien-\u00eatre total<\/li><\/ul>\n\n\n\n<p><\/p>\n\n\n\n<p><strong>Tarifs<\/strong><\/p>\n\n\n\n<p>Une s\u00e9ance dure entre 15 \u00e0 20 min.<\/p>\n\n\n\n<p>Offre personnalis\u00e9 selon les besoins, sur demande.<\/p>\n\t\t\t\t\t\t\t\t<\/div>\n\t\t\t\t<\/div>\n\t\t\t\t\t<\/div>\n\t\t<\/div>\n\t\t\t\t\t<\/div>\n\t\t<\/section>\n\t\t\t\t<section class=\"elementor-section elementor-top-section elementor-element elementor-element-dc7464e elementor-section-boxed elementor-section-height-default elementor-section-height-default\" data-id=\"dc7464e\" data-element_type=\"section\">\n\t\t\t\t\t\t<div class=\"elementor-container elementor-column-gap-default\">\n\t\t\t\t\t<div class=\"elementor-column elementor-col-100 elementor-top-column elementor-element elementor-element-944f6d8\" data-id=\"944f6d8\" data-element_type=\"column\">\n\t\t\t<div class=\"elementor-widget-wrap elementor-element-populated\">\n\t\t\t\t\t\t<div class=\"elementor-element elementor-element-a39b76f elementor-widget elementor-widget-button\" data-id=\"a39b76f\" data-element_type=\"widget\" data-widget_type=\"button.default\">\n\t\t\t\t<div class=\"elementor-widget-container\">\n\t\t\t\t\t\t\t\t\t<div class=\"elementor-button-wrapper\">\n\t\t\t\t\t<a class=\"elementor-button elementor-button-link elementor-size-sm\" href=\"https:\/\/www.onedoc.ch\/fr\/masseuse-classique\/lausanne\/pcwdt\/luisa-jorand-la-valle\">\n\t\t\t\t\t\t<span class=\"elementor-button-content-wrapper\">\n\t\t\t\t\t\t\t\t\t<span class=\"elementor-button-text\">Prendre rendez-vous online<\/span>\n\t\t\t\t\t<\/span>\n\t\t\t\t\t<\/a>\n\t\t\t\t<\/div>\n\t\t\t\t\t\t\t\t<\/div>\n\t\t\t\t<\/div>\n\t\t\t\t\t<\/div>\n\t\t<\/div>\n\t\t\t\t\t<\/div>\n\t\t<\/section>\n\t\t\t\t<\/div>\n\t\t","protected":false},"excerpt":{"rendered":"<p>&#8221;15 minutes de Bien-\u00eatre le temps d&#8217;une pause caf\u00e9&#8221; Massage assis Le massage assis est une approche globale utilis\u00e9e \u00e0 la fois comme m\u00e9thode de pr\u00e9vention, du traitement du stress &hellip; <\/p>\n","protected":false},"author":1,"featured_media":1197,"parent":0,"menu_order":0,"comment_status":"closed","ping_status":"closed","template":"","meta":{"om_disable_all_campaigns":false,"_uag_custom_page_level_css":"","_monsterinsights_skip_tracking":false,"_monsterinsights_sitenote_active":false,"_monsterinsights_sitenote_note":"","_monsterinsights_sitenote_category":0,"footnotes":""},"class_list":["post-918","page","type-page","status-publish","has-post-thumbnail","hentry"],"aioseo_notices":[],"uagb_featured_image_src":{"full":["https:\/\/ginkgosphere.ch\/wp-content\/uploads\/2022\/10\/spa-aromatherapy-wellness-3587403.jpg",1280,853,false],"thumbnail":["https:\/\/ginkgosphere.ch\/wp-content\/uploads\/2022\/10\/spa-aromatherapy-wellness-3587403-150x150.jpg",150,150,true],"medium":["https:\/\/ginkgosphere.ch\/wp-content\/uploads\/2022\/10\/spa-aromatherapy-wellness-3587403-300x200.jpg",300,200,true],"medium_large":["https:\/\/ginkgosphere.ch\/wp-content\/uploads\/2022\/10\/spa-aromatherapy-wellness-3587403-768x512.jpg",767,511,true],"large":["https:\/\/ginkgosphere.ch\/wp-content\/uploads\/2022\/10\/spa-aromatherapy-wellness-3587403-1024x682.jpg",767,511,true],"post-slider-thumb-size":["https:\/\/ginkgosphere.ch\/wp-content\/uploads\/2022\/10\/spa-aromatherapy-wellness-3587403-330x190.jpg",330,190,true],"post-category-slider-size":["https:\/\/ginkgosphere.ch\/wp-content\/uploads\/2022\/10\/spa-aromatherapy-wellness-3587403-330x350.jpg",330,350,true],"1536x1536":["https:\/\/ginkgosphere.ch\/wp-content\/uploads\/2022\/10\/spa-aromatherapy-wellness-3587403.jpg",1280,853,false],"2048x2048":["https:\/\/ginkgosphere.ch\/wp-content\/uploads\/2022\/10\/spa-aromatherapy-wellness-3587403.jpg",1280,853,false],"blossom-spa-single":["https:\/\/ginkgosphere.ch\/wp-content\/uploads\/2022\/10\/spa-aromatherapy-wellness-3587403-1280x700.jpg",1280,700,true],"blossom-spa-service":["https:\/\/ginkgosphere.ch\/wp-content\/uploads\/2022\/10\/spa-aromatherapy-wellness-3587403-480x324.jpg",480,324,true],"blossom-spa-team":["https:\/\/ginkgosphere.ch\/wp-content\/uploads\/2022\/10\/spa-aromatherapy-wellness-3587403-270x300.jpg",270,300,true],"blossom-spa-pagination":["https:\/\/ginkgosphere.ch\/wp-content\/uploads\/2022\/10\/spa-aromatherapy-wellness-3587403-370x247.jpg",370,247,true],"blossom-spa-blog-list":["https:\/\/ginkgosphere.ch\/wp-content\/uploads\/2022\/10\/spa-aromatherapy-wellness-3587403-640x480.jpg",640,480,true],"blossom-spa-blog-classic":["https:\/\/ginkgosphere.ch\/wp-content\/uploads\/2022\/10\/spa-aromatherapy-wellness-3587403-776x517.jpg",776,517,true],"blossom-spa-blog-classic-full":["https:\/\/ginkgosphere.ch\/wp-content\/uploads\/2022\/10\/spa-aromatherapy-wellness-3587403-1170x517.jpg",1170,517,true],"blossom-spa-related":["https:\/\/ginkgosphere.ch\/wp-content\/uploads\/2022\/10\/spa-aromatherapy-wellness-3587403-110x83.jpg",110,83,true]},"uagb_author_info":{"display_name":"yuutajorand","author_link":"https:\/\/ginkgosphere.ch\/index.php\/author\/yuutajorand\/"},"uagb_comment_info":0,"uagb_excerpt":"&#8221;15 minutes de Bien-\u00eatre le temps d&#8217;une pause caf\u00e9&#8221; Massage assis Le massage assis est une approche globale utilis\u00e9e \u00e0 la fois comme m\u00e9thode de pr\u00e9vention, du traitement du stress &hellip;","_links":{"self":[{"href":"https:\/\/ginkgosphere.ch\/index.php\/wp-json\/wp\/v2\/pages\/918","targetHints":{"allow":["GET"]}}],"collection":[{"href":"https:\/\/ginkgosphere.ch\/index.php\/wp-json\/wp\/v2\/pages"}],"about":[{"href":"https:\/\/ginkgosphere.ch\/index.php\/wp-json\/wp\/v2\/types\/page"}],"author":[{"embeddable":true,"href":"https:\/\/ginkgosphere.ch\/index.php\/wp-json\/wp\/v2\/users\/1"}],"replies":[{"embeddable":true,"href":"https:\/\/ginkgosphere.ch\/index.php\/wp-json\/wp\/v2\/comments?post=918"}],"version-history":[{"count":14,"href":"https:\/\/ginkgosphere.ch\/index.php\/wp-json\/wp\/v2\/pages\/918\/revisions"}],"predecessor-version":[{"id":1450,"href":"https:\/\/ginkgosphere.ch\/index.php\/wp-json\/wp\/v2\/pages\/918\/revisions\/1450"}],"wp:featuredmedia":[{"embeddable":true,"href":"https:\/\/ginkgosphere.ch\/index.php\/wp-json\/wp\/v2\/media\/1197"}],"wp:attachment":[{"href":"https:\/\/ginkgosphere.ch\/index.php\/wp-json\/wp\/v2\/media?parent=918"}],"curies":[{"name":"wp","href":"https:\/\/api.w.org\/{rel}","templated":true}]}}