{"id":924,"date":"2022-10-23T20:12:50","date_gmt":"2022-10-23T20:12:50","guid":{"rendered":"https:\/\/ginkgosphere.ch\/?page_id=924"},"modified":"2025-07-04T15:31:10","modified_gmt":"2025-07-04T15:31:10","slug":"tarifs","status":"publish","type":"page","link":"https:\/\/ginkgosphere.ch\/index.php\/tarifs\/","title":{"rendered":"Tarifs\/infos"},"content":{"rendered":"\t\t<div data-elementor-type=\"wp-page\" data-elementor-id=\"924\" class=\"elementor elementor-924\">\n\t\t\t\t\t\t<section class=\"elementor-section elementor-top-section elementor-element elementor-element-58102242 elementor-section-boxed elementor-section-height-default elementor-section-height-default\" data-id=\"58102242\" data-element_type=\"section\">\n\t\t\t\t\t\t<div class=\"elementor-container elementor-column-gap-default\">\n\t\t\t\t\t<div class=\"elementor-column elementor-col-100 elementor-top-column elementor-element elementor-element-3ecb67d1\" data-id=\"3ecb67d1\" data-element_type=\"column\">\n\t\t\t<div class=\"elementor-widget-wrap elementor-element-populated\">\n\t\t\t\t\t\t<div class=\"elementor-element elementor-element-1c158709 elementor-widget elementor-widget-text-editor\" data-id=\"1c158709\" data-element_type=\"widget\" data-widget_type=\"text-editor.default\">\n\t\t\t\t<div class=\"elementor-widget-container\">\n\t\t\t\t\t\t\t\t\t\n<p>\u00a0<\/p>\n\n<p>\u00a0<\/p>\n\n<p>\u00a0<\/p>\n\n<p>\u00a0<\/p>\n\n<p class=\"has-text-align-left\">\u00a0<\/p>\n\n<p><strong>Tarifs a domicile<\/strong> \/ <strong>Tarifs cabinet<\/strong><\/p>\n\n<figure class=\"wp-block-table alignleft\">\n<table>\n<tbody>\n<tr>\n<td><strong>Dur\u00e9e<\/strong><\/td>\n<td>\u00a0<\/td>\n<td><strong>Prix<\/strong><\/td>\n<\/tr>\n<tr>\n<td>S\u00e9ance de 60 min.<\/td>\n<td>\u00a0<\/td>\n<td>\u00e0 partir de 180 CHF<\/td>\n<\/tr>\n<tr>\n<td>S\u00e9ance de 75 min.<\/td>\n<td>\u00a0<\/td>\n<td>\u00e0 convenir<\/td>\n<\/tr>\n<tr>\n<td>S\u00e9ance de 90 min.<\/td>\n<td>\u00a0<\/td>\n<td>\u00e0 convenir<\/td>\n<\/tr>\n<tr>\n<td>Pack de 3x s\u00e9ance de 60 min.<\/td>\n<td>\u00a0<\/td>\n<td>\u00e0 convenir<\/td>\n<\/tr>\n<tr>\n<td>Pack de 5x s\u00e9ance de 60 min.<\/td>\n<td>\u00a0<\/td>\n<td>\u00e0 convenir<\/td>\n<\/tr>\n<tr>\n<td>Pack de 10x s\u00e9ance de 60 min.<\/td>\n<td>\u00a0<\/td>\n<td>\u00e0 convenir<\/td>\n<\/tr>\n<\/tbody>\n<\/table>\n<figcaption class=\"wp-element-caption\"><em>Le transport et le mat\u00e9riels est compris dans le prix<\/em>.<\/figcaption>\n<\/figure>\n\n<figure class=\"wp-block-table alignleft\">\n<table>\n<tbody>\n<tr>\n<td><strong>Dur\u00e9e<\/strong><\/td>\n<td>\u00a0<\/td>\n<td><strong>Prix<\/strong><\/td>\n<\/tr>\n<tr>\n<td>S\u00e9ance de 60 min.<\/td>\n<td>\u00a0<\/td>\n<td>120 CHF<\/td>\n<\/tr>\n<tr>\n<td>S\u00e9ance de 75 min.<\/td>\n<td>\u00a0<\/td>\n<td>150 CHF<\/td>\n<\/tr>\n<tr>\n<td>S\u00e9ance de 90 min.<\/td>\n<td>\u00a0<\/td>\n<td>175 CHF<\/td>\n<\/tr>\n<tr>\n<td>Pack de 3x s\u00e9ance de 60 min.<\/td>\n<td>\u00a0<\/td>\n<td>340 CHF<\/td>\n<\/tr>\n<tr>\n<td>Pack de 5x s\u00e9ance de 60 min.<\/td>\n<td>\u00a0<\/td>\n<td>550 CHF<\/td>\n<\/tr>\n<tr>\n<td>Pack de 10x s\u00e9ance de 60 min.<\/td>\n<td>\u00a0<\/td>\n<td>1&#8217;000 CHF<\/td>\n<\/tr>\n<\/tbody>\n<\/table>\n<\/figure>\n\n<p>\u00a0<\/p>\n\n<p>\u00a0<\/p>\n\n<p>\u00a0<\/p>\n\n<p>\u00a0<\/p>\n\n<p>\u00a0<\/p>\n\n<p>Les payements se font par esp\u00e8ce et par Twint \u00e0 la fin de chaque s\u00e9ance.<\/p>\n\n<p class=\"has-black-color has-text-color\">Je suis agr\u00e9\u00e9 <a title=\"\" href=\"https:\/\/asca.ch\/therapeutes-asca\/detail-du-therapeute\/Luisa-JorandLaValle_624049\/\" target=\"_blank\" rel=\"noopener\">ASCA<\/a> et <a title=\"\" href=\"https:\/\/rme.ch\/therapeute\/luisa.jorand.la.valle\" target=\"_blank\" rel=\"noopener\">RME<\/a>, il appartient \u00e0 chaque assur\u00e9 de contr\u00f4ler au pr\u00e8s de votre assurance si vous \u00eates couvert par les soins.<\/p>\n\n<p class=\"has-black-color has-text-color\"><strong>Tout rendez-vous qui n\u2019est pas annul\u00e9 24 heures \u00e0 l\u2019avance sera factur\u00e9<\/strong>.<\/p>\n\n<p>\u00a0<\/p>\n\t\t\t\t\t\t\t\t<\/div>\n\t\t\t\t<\/div>\n\t\t\t\t\t<\/div>\n\t\t<\/div>\n\t\t\t\t\t<\/div>\n\t\t<\/section>\n\t\t\t\t<section class=\"elementor-section elementor-top-section elementor-element elementor-element-0413acb elementor-section-boxed elementor-section-height-default elementor-section-height-default\" data-id=\"0413acb\" data-element_type=\"section\">\n\t\t\t\t\t\t<div class=\"elementor-container elementor-column-gap-default\">\n\t\t\t\t\t<div class=\"elementor-column elementor-col-100 elementor-top-column elementor-element elementor-element-b66725e\" data-id=\"b66725e\" data-element_type=\"column\">\n\t\t\t<div class=\"elementor-widget-wrap elementor-element-populated\">\n\t\t\t\t\t\t<div class=\"elementor-element elementor-element-b1688e6 elementor-widget elementor-widget-button\" data-id=\"b1688e6\" data-element_type=\"widget\" data-widget_type=\"button.default\">\n\t\t\t\t<div class=\"elementor-widget-container\">\n\t\t\t\t\t\t\t\t\t<div class=\"elementor-button-wrapper\">\n\t\t\t\t\t<a class=\"elementor-button elementor-button-link elementor-size-sm\" href=\"https:\/\/www.onedoc.ch\/fr\/masseuse-classique\/lausanne\/pcwdt\/luisa-jorand-la-valle\">\n\t\t\t\t\t\t<span class=\"elementor-button-content-wrapper\">\n\t\t\t\t\t\t\t\t\t<span class=\"elementor-button-text\">Prendre rendez-vous online<\/span>\n\t\t\t\t\t<\/span>\n\t\t\t\t\t<\/a>\n\t\t\t\t<\/div>\n\t\t\t\t\t\t\t\t<\/div>\n\t\t\t\t<\/div>\n\t\t\t\t\t<\/div>\n\t\t<\/div>\n\t\t\t\t\t<\/div>\n\t\t<\/section>\n\t\t\t\t<\/div>\n\t\t","protected":false},"excerpt":{"rendered":"<p>\u00a0 \u00a0 \u00a0 \u00a0 \u00a0 Tarifs a domicile \/ Tarifs cabinet Dur\u00e9e \u00a0 Prix S\u00e9ance de 60 min. \u00a0 \u00e0 partir de 180 CHF S\u00e9ance de 75 min. \u00a0 \u00e0 &hellip; <\/p>\n","protected":false},"author":1,"featured_media":1203,"parent":0,"menu_order":0,"comment_status":"closed","ping_status":"closed","template":"","meta":{"om_disable_all_campaigns":false,"_uag_custom_page_level_css":"","_monsterinsights_skip_tracking":false,"_monsterinsights_sitenote_active":false,"_monsterinsights_sitenote_note":"","_monsterinsights_sitenote_category":0,"footnotes":""},"class_list":["post-924","page","type-page","status-publish","has-post-thumbnail","hentry"],"aioseo_notices":[],"uagb_featured_image_src":{"full":["https:\/\/ginkgosphere.ch\/wp-content\/uploads\/2022\/10\/beach-sun-evening-2836300.jpg",1280,720,false],"thumbnail":["https:\/\/ginkgosphere.ch\/wp-content\/uploads\/2022\/10\/beach-sun-evening-2836300-150x150.jpg",150,150,true],"medium":["https:\/\/ginkgosphere.ch\/wp-content\/uploads\/2022\/10\/beach-sun-evening-2836300-300x169.jpg",300,169,true],"medium_large":["https:\/\/ginkgosphere.ch\/wp-content\/uploads\/2022\/10\/beach-sun-evening-2836300-768x432.jpg",767,431,true],"large":["https:\/\/ginkgosphere.ch\/wp-content\/uploads\/2022\/10\/beach-sun-evening-2836300-1024x576.jpg",767,431,true],"post-slider-thumb-size":["https:\/\/ginkgosphere.ch\/wp-content\/uploads\/2022\/10\/beach-sun-evening-2836300-330x190.jpg",330,190,true],"post-category-slider-size":["https:\/\/ginkgosphere.ch\/wp-content\/uploads\/2022\/10\/beach-sun-evening-2836300-330x350.jpg",330,350,true],"1536x1536":["https:\/\/ginkgosphere.ch\/wp-content\/uploads\/2022\/10\/beach-sun-evening-2836300.jpg",1280,720,false],"2048x2048":["https:\/\/ginkgosphere.ch\/wp-content\/uploads\/2022\/10\/beach-sun-evening-2836300.jpg",1280,720,false],"blossom-spa-single":["https:\/\/ginkgosphere.ch\/wp-content\/uploads\/2022\/10\/beach-sun-evening-2836300-1280x700.jpg",1280,700,true],"blossom-spa-service":["https:\/\/ginkgosphere.ch\/wp-content\/uploads\/2022\/10\/beach-sun-evening-2836300-480x324.jpg",480,324,true],"blossom-spa-team":["https:\/\/ginkgosphere.ch\/wp-content\/uploads\/2022\/10\/beach-sun-evening-2836300-270x300.jpg",270,300,true],"blossom-spa-pagination":["https:\/\/ginkgosphere.ch\/wp-content\/uploads\/2022\/10\/beach-sun-evening-2836300-370x247.jpg",370,247,true],"blossom-spa-blog-list":["https:\/\/ginkgosphere.ch\/wp-content\/uploads\/2022\/10\/beach-sun-evening-2836300-640x480.jpg",640,480,true],"blossom-spa-blog-classic":["https:\/\/ginkgosphere.ch\/wp-content\/uploads\/2022\/10\/beach-sun-evening-2836300-776x517.jpg",776,517,true],"blossom-spa-blog-classic-full":["https:\/\/ginkgosphere.ch\/wp-content\/uploads\/2022\/10\/beach-sun-evening-2836300-1170x517.jpg",1170,517,true],"blossom-spa-related":["https:\/\/ginkgosphere.ch\/wp-content\/uploads\/2022\/10\/beach-sun-evening-2836300-110x83.jpg",110,83,true]},"uagb_author_info":{"display_name":"yuutajorand","author_link":"https:\/\/ginkgosphere.ch\/index.php\/author\/yuutajorand\/"},"uagb_comment_info":0,"uagb_excerpt":"\u00a0 \u00a0 \u00a0 \u00a0 \u00a0 Tarifs a domicile \/ Tarifs cabinet Dur\u00e9e \u00a0 Prix S\u00e9ance de 60 min. \u00a0 \u00e0 partir de 180 CHF S\u00e9ance de 75 min. \u00a0 \u00e0 &hellip;","_links":{"self":[{"href":"https:\/\/ginkgosphere.ch\/index.php\/wp-json\/wp\/v2\/pages\/924","targetHints":{"allow":["GET"]}}],"collection":[{"href":"https:\/\/ginkgosphere.ch\/index.php\/wp-json\/wp\/v2\/pages"}],"about":[{"href":"https:\/\/ginkgosphere.ch\/index.php\/wp-json\/wp\/v2\/types\/page"}],"author":[{"embeddable":true,"href":"https:\/\/ginkgosphere.ch\/index.php\/wp-json\/wp\/v2\/users\/1"}],"replies":[{"embeddable":true,"href":"https:\/\/ginkgosphere.ch\/index.php\/wp-json\/wp\/v2\/comments?post=924"}],"version-history":[{"count":46,"href":"https:\/\/ginkgosphere.ch\/index.php\/wp-json\/wp\/v2\/pages\/924\/revisions"}],"predecessor-version":[{"id":1429,"href":"https:\/\/ginkgosphere.ch\/index.php\/wp-json\/wp\/v2\/pages\/924\/revisions\/1429"}],"wp:featuredmedia":[{"embeddable":true,"href":"https:\/\/ginkgosphere.ch\/index.php\/wp-json\/wp\/v2\/media\/1203"}],"wp:attachment":[{"href":"https:\/\/ginkgosphere.ch\/index.php\/wp-json\/wp\/v2\/media?parent=924"}],"curies":[{"name":"wp","href":"https:\/\/api.w.org\/{rel}","templated":true}]}}